{"id":14693,"date":"2020-03-26T17:42:08","date_gmt":"2020-03-26T15:42:08","guid":{"rendered":"https:\/\/factorialhr.com\/blog\/?page_id=14693"},"modified":"2022-03-02T16:53:41","modified_gmt":"2022-03-02T14:53:41","slug":"templates-recursos-humanos","status":"publish","type":"page","link":"https:\/\/factorialhr.pt\/blog\/templates-recursos-humanos\/","title":{"rendered":"Templates Recursos Humanos Gr\u00e1tis"},"content":{"rendered":"<p style=\"text-align: justify;\">Precisa de uma solu\u00e7\u00e3o para gerir as aus\u00eancias e f\u00e9rias dos seus funcion\u00e1rios, e procura templates de recursos humanos? Ou procura uma ferramenta para o ajudar a atingir os seus principais objetivos de RH? De qualquer maneira, n\u00f3s queremos ajud\u00e1-lo!<\/p>\n<p style=\"text-align: justify;\"><strong>Esta sec\u00e7\u00e3o do blog \u00e9 dedicada a todas as grelhas e templates de recursos humanos que lhe oferecemos.<\/strong> Temos o compromisso de ajudar os profissionais de recursos humanos a simplificar os seus processos.<\/p>\n<p><span style=\"font-weight: 400;\"> \n <!--HubSpot Call-to-Action Code -->\n    <span class=\"hs-cta-wrapper\" id=\"hs-cta-wrapper-b7f7e20a-be33-4020-97c8-2cc141c8777d\">\n        <span class=\"hs-cta-node hs-cta-b7f7e20a-be33-4020-97c8-2cc141c8777d\" id=\"b7f7e20a-be33-4020-97c8-2cc141c8777d\">\n            <a href=\"https:\/\/cta-redirect.hubspot.com\/cta\/redirect\/4960096\/b7f7e20a-be33-4020-97c8-2cc141c8777d\">\n                <img decoding=\"async\" class=\"lazyload hs-cta-img\" id=\"hs-cta-img-b7f7e20a-be33-4020-97c8-2cc141c8777d\" style=\"border-width:0px;\" src=\"https:\/\/no-cache.hubspot.com\/cta\/default\/4960096\/b7f7e20a-be33-4020-97c8-2cc141c8777d.png\"  alt=\"software-rh-dp-360\" width=\"900\" height=\"308\" \/>\n            <\/a>\n        <\/span>\n        <script type=\"text\/javascript\">\n            function loadCTA(){\n                window.hbspt.cta.load(4960096, 'b7f7e20a-be33-4020-97c8-2cc141c8777d', {'region': 'eu1'})\n            }\n            if(window.hbspt){\n                loadCTA()\n            }else{\n                Defer.js(\n                    'https:\/\/js.hubspot.com\/cta\/current.js',\n                    'hubspotCTA', \n                    0, \n                    loadCTA\n                );\n            }\n        <\/script>\n    <\/span>\n<!-- end HubSpot Call-to-Action Code -->\n<\/span><\/p>\n<h2><span style=\"color: #000080;\"><a style=\"color: #000080;\" href=\"#templates\"><strong>Descarregue os nossos templates de Recursos Humanos \u2b50\ufe0f<\/strong><\/a><\/span><\/h2>\n<ul style=\"list-style-type: square;\">\n<li>Templates para a gest\u00e3o de aus\u00eancias e f\u00e9rias<\/li>\n<li>Checklists para a sua sele\u00e7\u00e3o de pessoas<\/li>\n<li>Templates de organograma de empresa<\/li>\n<\/ul>\n<h4><b>Basta clicar em qualquer um dos templates de recursos humanos!\ud83d\udc47<a name=\"templates\"><\/a><\/b><\/h4>\n<table style=\"height: 459px; width: 100%;\">\n<tbody>\n<tr style=\"height: 268px;\">\n<td style=\"width: 32.7469%; text-align: center; height: 207px;\" bgcolor=\"c06af1\">\n<h2><span style=\"color: #000000;\"><a style=\"color: #000000;\" href=\"https:\/\/factorialhr.pt\/checklists\/recrutamento-selecao\" target=\"_blank\" rel=\"noopener noreferrer\"><span style=\"font-size: 14pt;\">Checklist Sele\u00e7\u00e3o de Pessoas<\/span><\/a><\/span><\/h2>\n<p><a href=\"https:\/\/factorialhr.pt\/checklists\/recrutamento-selecao\"><span style=\"color: #000000;\"><img decoding=\"async\" class=\"wp-image-14696 alignnone\" src=\"https:\/\/factorialhr.pt\/wp-content\/uploads\/2020\/03\/26171750\/Checklist.png\" alt=\"Checklist-templates-recursos-humanos\" width=\"110\" height=\"120\" \/><\/span><\/a><\/td>\n<td style=\"width: 32.8823%; height: 207px;\" bgcolor=\"ef8e59\">\n<h2 style=\"text-align: center;\"><span style=\"color: #000000;\"><span style=\"font-size: 14pt;\"><a style=\"color: #000000;\" href=\"https:\/\/factorialhr.pt\/checklists\/organizar-teletrabalho\" target=\"_blank\" rel=\"noopener noreferrer\">Checklist Teletrabalho<\/a>\u00a0<\/span><\/span><\/h2>\n<h2 style=\"text-align: center;\"><a href=\"https:\/\/factorialhr.pt\/checklists\/teletrabalho\"><span style=\"color: #000000;\"><img decoding=\"async\" class=\"wp-image-14697 aligncenter\" src=\"https:\/\/factorialhr.pt\/wp-content\/uploads\/2020\/03\/26171842\/Checklist-1.png\" alt=\"Checklist-onboarding\" width=\"117\" height=\"127\" \/><\/span><\/a><\/h2>\n<\/td>\n<td style=\"width: 33.1529%; height: 207px;\" bgcolor=\"5991ef\">\n<h2 style=\"text-align: center;\"><span style=\"color: #000000;\"><span style=\"font-size: 14pt;\"><a style=\"color: #000000;\" href=\"https:\/\/factorialhr.pt\/templates\/modelos-de-organograma\" target=\"_blank\" rel=\"noopener noreferrer\"> Templates Organograma<\/a><\/span><\/span><\/h2>\n<h2 style=\"text-align: center;\"><a href=\"https:\/\/factorialhr.pt\/templates\/modelos-de-organograma\"><span style=\"color: #000000;\"><strong><span style=\"font-size: 14pt;\"><img decoding=\"async\" class=\"alignnone wp-image-14698\" src=\"https:\/\/factorialhr.pt\/wp-content\/uploads\/2020\/03\/26172008\/gestor-documentos-contratos.png\" alt=\"organograma-templates-recursos-humanos\" width=\"95\" height=\"111\" \/><\/span><\/strong><\/span><\/a><\/h2>\n<\/td>\n<\/tr>\n<tr style=\"height: 264px;\">\n<td style=\"width: 32.7469%; text-align: center; height: 252px;\" bgcolor=\"f3f61e\">\n<h2 style=\"text-align: center;\"><span style=\"color: #000000;\"><span style=\"font-size: 14pt;\"><a style=\"color: #000000;\" href=\"https:\/\/factorialhr.pt\/templates\/gestao-ferias-e-ausencias\" target=\"_blank\" rel=\"noopener noreferrer\">Planifica\u00e7\u00e3o de F\u00e9rias e Aus\u00eancias<\/a><\/span><\/span><\/h2>\n<p><a href=\"https:\/\/factorialhr.pt\/templates\/gestao-ferias-e-ausencias\"><img decoding=\"async\" class=\"alignnone wp-image-14701\" src=\"https:\/\/factorialhr.pt\/wp-content\/uploads\/2020\/03\/26173228\/planilha-ferias-ausencias.png\" alt=\"planilha-ferias-ausencias\" width=\"137\" height=\"130\" \/><\/a><\/td>\n<td style=\"width: 32.8823%; text-align: center; height: 252px;\" bgcolor=\"59dcef\">\n<h2><span style=\"color: #000000;\"><a style=\"color: #000000;\" href=\"https:\/\/factorialhr.pt\/templates\/folha-de-presenca\" target=\"_blank\" rel=\"noopener noreferrer\"><span style=\"font-size: 14pt;\">Folha <\/span><\/a><a style=\"color: #000000;\" href=\"https:\/\/factorialhr.pt\/templates\/folha-de-presenca\" target=\"_blank\" rel=\"noopener noreferrer\"><span style=\"font-size: 14pt;\">de Presen\u00e7a<\/span><\/a><\/span><\/h2>\n<p><a href=\"https:\/\/factorialhr.pt\/templates\/folha-de-presenca\"><img decoding=\"async\" class=\"alignnone wp-image-14698\" src=\"https:\/\/factorialhr.pt\/wp-content\/uploads\/2020\/03\/26172008\/gestor-documentos-contratos.png\" alt=\"organograma-templates-recursos-humanos\" width=\"103\" height=\"120\" \/><\/a><\/td>\n<td style=\"width: 33.1529%; text-align: center; height: 252px;\" bgcolor=\"9af16a\">\n<h2><span style=\"color: #000000;\"><a style=\"color: #000000;\" href=\"https:\/\/factorialhr.pt\/templates\/recibo-de-vencimento\" target=\"_blank\" rel=\"noopener noreferrer\"><span style=\"font-size: 14pt;\">Recibo <\/span><\/a><a style=\"color: #000000;\" href=\"https:\/\/factorialhr.pt\/templates\/recibo-de-vencimento\" target=\"_blank\" rel=\"noopener noreferrer\"><span style=\"font-size: 14pt;\">de Vencimento<\/span><\/a><\/span><\/h2>\n<p><a href=\"https:\/\/factorialhr.pt\/templates\/recibo-de-vencimento\"><img decoding=\"async\" class=\"alignnone wp-image-14700\" src=\"https:\/\/factorialhr.pt\/wp-content\/uploads\/2020\/03\/26173110\/recibo-vencimento-template.png\" alt=\"recibo-vencimento-template\" width=\"151\" height=\"151\" \/><\/a><\/td>\n<\/tr>\n<\/tbody>\n<\/table>\n<p style=\"text-align: justify;\">Sabia que, com o software de RH da Factorial, <strong>os seus funcion\u00e1rios podem acompanhar facilmente o seu pr\u00f3prio hor\u00e1rio? <\/strong>Al\u00e9m de poderem solicitar f\u00e9rias e aceder aos seus recibos de vencimento?<\/p>\n<p style=\"text-align: justify;\">Se n\u00e3o deseja perder horas a inserir dados no Excel, esta pode ser a solu\u00e7\u00e3o que tanto procura! <a href=\"https:\/\/factorialhr.pt\/get-started\">Registe-se gratuitamente na Factorial<\/a> e <strong>fa\u00e7a a gest\u00e3o de aus\u00eancias de funcion\u00e1rios, feriados e licen\u00e7as m\u00e9dicas<\/strong> com apenas alguns cliques.<\/p>\n<p>Com o <strong>Gestor de Documentos<\/strong>, \u00e9 poss\u00edvel armazenar todos os documentos importantes num s\u00f3 lugar. Desde contratos a licen\u00e7as m\u00e9dicas, dados pessoais, <strong>recibos de vencimento<\/strong> e muito mais.<\/p>\n<p style=\"text-align: justify;\">Convide funcion\u00e1rios e crie um <strong>organograma<\/strong> em segundos. A melhor parte? A sua conta da Factorial \u00e9 atualizada automaticamente sempre que um funcion\u00e1rio sai ou entra na empresa. Conhe\u00e7a todas as <a href=\"https:\/\/factorialhr.pt\/aplicacoes\">funcionalidades<\/a> da Factorial.<\/p>\n<h3>Digitalize o seu RH com a Factorial<\/h3>\n<p style=\"text-align: justify;\">A Factorial tem melhorado muito o seu software e lan\u00e7a mensalmente novas melhoriais das funcionalidades existentes. Desta forma, conseguimos que a sua experi\u00eancia, ao utilizar a nossa plataforma, n\u00e3o seja nunca b\u00e1sica e sem grandes novidades.<\/p>\n<p style=\"text-align: justify;\">O nosso convite \u00e9 experimentar por si mesmo, ao realizar um <a href=\"https:\/\/factorialhr.pt\/get-started\">teste gratuito de 14 dias<\/a>. Sem compromisso! A digitaliza\u00e7\u00e3o dos RH \u00e9 muito importante para acompanhar a inova\u00e7\u00e3o e digitaliza\u00e7\u00e3o de toda a empresa. D\u00ea o primeiro passo!<\/p>\n","protected":false},"excerpt":{"rendered":"<p>Precisa de uma solu\u00e7\u00e3o para gerir as aus\u00eancias e f\u00e9rias dos seus funcion\u00e1rios, e procura templates de recursos humanos? Ou procura uma ferramenta para o ajudar a atingir os seus principais objetivos de RH? De qualquer maneira, n\u00f3s queremos ajud\u00e1-lo! Esta sec\u00e7\u00e3o do blog \u00e9 dedicada a todas as grelhas e templates de recursos humanos<a href=\"https:\/\/factorialhr.pt\/blog\/templates-recursos-humanos\/\" class=\"read-more\"> [&#8230;]<\/a><\/p>\n","protected":false},"author":136,"featured_media":0,"parent":0,"menu_order":0,"comment_status":"closed","ping_status":"closed","template":"","meta":{"_acf_changed":false,"footnotes":""},"class_list":["post-14693","page","type-page","status-publish","hentry"],"acf":[],"yoast_head":"<!-- This site is optimized with the Yoast SEO Premium plugin v21.5 (Yoast SEO v21.9.1) - https:\/\/yoast.com\/wordpress\/plugins\/seo\/ -->\n<title>Templates Recursos Humanos [Download gr\u00e1tis] - Factorial<\/title>\n<meta name=\"description\" content=\"Precisa de solu\u00e7\u00f5es para gerir as suas equipas? Esta p\u00e1gina \u00e9 dedicada a todas as grelhas e templates Recursos Humanos que oferecemos.\" \/>\n<meta name=\"robots\" content=\"index, follow, max-snippet:-1, max-image-preview:large, max-video-preview:-1\" \/>\n<link rel=\"canonical\" href=\"https:\/\/factorialhr.pt\/blog\/templates-recursos-humanos\/\" \/>\n<meta property=\"og:locale\" content=\"pt_PT\" \/>\n<meta property=\"og:type\" content=\"article\" \/>\n<meta property=\"og:title\" content=\"Templates Recursos Humanos Gr\u00e1tis\" \/>\n<meta property=\"og:description\" content=\"Precisa de solu\u00e7\u00f5es para gerir as suas equipas? Esta p\u00e1gina \u00e9 dedicada a todas as grelhas e templates Recursos Humanos que oferecemos.\" \/>\n<meta property=\"og:url\" content=\"https:\/\/factorialhr.pt\/blog\/templates-recursos-humanos\/\" \/>\n<meta property=\"og:site_name\" content=\"Factorial\" \/>\n<meta property=\"article:publisher\" content=\"https:\/\/www.facebook.com\/people\/Factorial\/100064908455810\/\" \/>\n<meta property=\"article:modified_time\" content=\"2022-03-02T14:53:41+00:00\" \/>\n<meta property=\"og:image\" content=\"https:\/\/factorialhr.pt\/wp-content\/uploads\/2020\/03\/26171750\/Checklist.png\" \/>\n<meta name=\"twitter:card\" content=\"summary_large_image\" \/>\n<meta name=\"twitter:site\" content=\"@factorialapp\" \/>\n<meta name=\"twitter:label1\" content=\"Est. reading time\" \/>\n\t<meta name=\"twitter:data1\" content=\"2 minutos\" \/>\n<script type=\"application\/ld+json\" class=\"yoast-schema-graph\">{\"@context\":\"https:\/\/schema.org\",\"@graph\":[{\"@type\":\"WebPage\",\"@id\":\"https:\/\/factorialhr.pt\/blog\/templates-recursos-humanos\/\",\"url\":\"https:\/\/factorialhr.pt\/blog\/templates-recursos-humanos\/\",\"name\":\"Templates Recursos Humanos [Download gr\u00e1tis] - Factorial\",\"isPartOf\":{\"@id\":\"https:\/\/factorialhr.pt\/blog\/#website\"},\"datePublished\":\"2020-03-26T15:42:08+00:00\",\"dateModified\":\"2022-03-02T14:53:41+00:00\",\"description\":\"Precisa de solu\u00e7\u00f5es para gerir as suas equipas? Esta p\u00e1gina \u00e9 dedicada a todas as grelhas e templates Recursos Humanos que oferecemos.\",\"inLanguage\":\"pt-PT\",\"potentialAction\":[{\"@type\":\"ReadAction\",\"target\":[\"https:\/\/factorialhr.pt\/blog\/templates-recursos-humanos\/\"]}]},{\"@type\":\"WebSite\",\"@id\":\"https:\/\/factorialhr.pt\/blog\/#website\",\"url\":\"https:\/\/factorialhr.pt\/blog\/\",\"name\":\"Factorial\",\"description\":\"\",\"publisher\":{\"@id\":\"https:\/\/factorialhr.pt\/blog\/#organization\"},\"potentialAction\":[{\"@type\":\"SearchAction\",\"target\":{\"@type\":\"EntryPoint\",\"urlTemplate\":\"https:\/\/factorialhr.pt\/blog\/?s={search_term_string}\"},\"query-input\":\"required name=search_term_string\"}],\"inLanguage\":\"pt-PT\"},{\"@type\":\"Organization\",\"@id\":\"https:\/\/factorialhr.pt\/blog\/#organization\",\"name\":\"All-in-one business management software - Factorial\",\"url\":\"https:\/\/factorialhr.pt\/blog\/\",\"logo\":{\"@type\":\"ImageObject\",\"inLanguage\":\"pt-PT\",\"@id\":\"https:\/\/factorialhr.pt\/blog\/#\/schema\/logo\/image\/\",\"url\":\"https:\/\/factorialhr.pt\/wp-content\/uploads\/2023\/07\/18155144\/factorial-logo.png\",\"contentUrl\":\"https:\/\/factorialhr.pt\/wp-content\/uploads\/2023\/07\/18155144\/factorial-logo.png\",\"width\":946,\"height\":880,\"caption\":\"All-in-one business management software - Factorial\"},\"image\":{\"@id\":\"https:\/\/factorialhr.pt\/blog\/#\/schema\/logo\/image\/\"},\"sameAs\":[\"https:\/\/www.facebook.com\/people\/Factorial\/100064908455810\/\",\"https:\/\/twitter.com\/factorialapp\",\"https:\/\/www.linkedin.com\/company\/factorialhr\",\"https:\/\/www.youtube.com\/@factorialmedia\",\"https:\/\/www.instagram.com\/factorial\/#\"]}]}<\/script>\n<!-- \/ Yoast SEO Premium plugin. -->","yoast_head_json":{"title":"Templates Recursos Humanos [Download gr\u00e1tis] - Factorial","description":"Precisa de solu\u00e7\u00f5es para gerir as suas equipas? Esta p\u00e1gina \u00e9 dedicada a todas as grelhas e templates Recursos Humanos que oferecemos.","robots":{"index":"index","follow":"follow","max-snippet":"max-snippet:-1","max-image-preview":"max-image-preview:large","max-video-preview":"max-video-preview:-1"},"canonical":"https:\/\/factorialhr.pt\/blog\/templates-recursos-humanos\/","og_locale":"pt_PT","og_type":"article","og_title":"Templates Recursos Humanos Gr\u00e1tis","og_description":"Precisa de solu\u00e7\u00f5es para gerir as suas equipas? Esta p\u00e1gina \u00e9 dedicada a todas as grelhas e templates Recursos Humanos que oferecemos.","og_url":"https:\/\/factorialhr.pt\/blog\/templates-recursos-humanos\/","og_site_name":"Factorial","article_publisher":"https:\/\/www.facebook.com\/people\/Factorial\/100064908455810\/","article_modified_time":"2022-03-02T14:53:41+00:00","og_image":[{"url":"https:\/\/factorialhr.pt\/wp-content\/uploads\/2020\/03\/26171750\/Checklist.png"}],"twitter_card":"summary_large_image","twitter_site":"@factorialapp","twitter_misc":{"Est. reading time":"2 minutos"},"schema":{"@context":"https:\/\/schema.org","@graph":[{"@type":"WebPage","@id":"https:\/\/factorialhr.pt\/blog\/templates-recursos-humanos\/","url":"https:\/\/factorialhr.pt\/blog\/templates-recursos-humanos\/","name":"Templates Recursos Humanos [Download gr\u00e1tis] - Factorial","isPartOf":{"@id":"https:\/\/factorialhr.pt\/blog\/#website"},"datePublished":"2020-03-26T15:42:08+00:00","dateModified":"2022-03-02T14:53:41+00:00","description":"Precisa de solu\u00e7\u00f5es para gerir as suas equipas? Esta p\u00e1gina \u00e9 dedicada a todas as grelhas e templates Recursos Humanos que oferecemos.","inLanguage":"pt-PT","potentialAction":[{"@type":"ReadAction","target":["https:\/\/factorialhr.pt\/blog\/templates-recursos-humanos\/"]}]},{"@type":"WebSite","@id":"https:\/\/factorialhr.pt\/blog\/#website","url":"https:\/\/factorialhr.pt\/blog\/","name":"Factorial","description":"","publisher":{"@id":"https:\/\/factorialhr.pt\/blog\/#organization"},"potentialAction":[{"@type":"SearchAction","target":{"@type":"EntryPoint","urlTemplate":"https:\/\/factorialhr.pt\/blog\/?s={search_term_string}"},"query-input":"required name=search_term_string"}],"inLanguage":"pt-PT"},{"@type":"Organization","@id":"https:\/\/factorialhr.pt\/blog\/#organization","name":"All-in-one business management software - Factorial","url":"https:\/\/factorialhr.pt\/blog\/","logo":{"@type":"ImageObject","inLanguage":"pt-PT","@id":"https:\/\/factorialhr.pt\/blog\/#\/schema\/logo\/image\/","url":"https:\/\/factorialhr.pt\/wp-content\/uploads\/2023\/07\/18155144\/factorial-logo.png","contentUrl":"https:\/\/factorialhr.pt\/wp-content\/uploads\/2023\/07\/18155144\/factorial-logo.png","width":946,"height":880,"caption":"All-in-one business management software - Factorial"},"image":{"@id":"https:\/\/factorialhr.pt\/blog\/#\/schema\/logo\/image\/"},"sameAs":["https:\/\/www.facebook.com\/people\/Factorial\/100064908455810\/","https:\/\/twitter.com\/factorialapp","https:\/\/www.linkedin.com\/company\/factorialhr","https:\/\/www.youtube.com\/@factorialmedia","https:\/\/www.instagram.com\/factorial\/#"]}]}},"_links":{"self":[{"href":"https:\/\/factorialhr.pt\/blog\/wp-json\/wp\/v2\/pages\/14693"}],"collection":[{"href":"https:\/\/factorialhr.pt\/blog\/wp-json\/wp\/v2\/pages"}],"about":[{"href":"https:\/\/factorialhr.pt\/blog\/wp-json\/wp\/v2\/types\/page"}],"author":[{"embeddable":true,"href":"https:\/\/factorialhr.pt\/blog\/wp-json\/wp\/v2\/users\/136"}],"replies":[{"embeddable":true,"href":"https:\/\/factorialhr.pt\/blog\/wp-json\/wp\/v2\/comments?post=14693"}],"version-history":[{"count":23,"href":"https:\/\/factorialhr.pt\/blog\/wp-json\/wp\/v2\/pages\/14693\/revisions"}],"predecessor-version":[{"id":68118,"href":"https:\/\/factorialhr.pt\/blog\/wp-json\/wp\/v2\/pages\/14693\/revisions\/68118"}],"wp:attachment":[{"href":"https:\/\/factorialhr.pt\/blog\/wp-json\/wp\/v2\/media?parent=14693"}],"curies":[{"name":"wp","href":"https:\/\/api.w.org\/{rel}","templated":true}]}}